{"id":5432,"date":"2025-11-26T10:45:16","date_gmt":"2025-11-26T09:45:16","guid":{"rendered":"https:\/\/famicordcryobank.ch\/?page_id=5432"},"modified":"2026-01-20T12:04:25","modified_gmt":"2026-01-20T11:04:25","slug":"altalanos-szerzodesi-feltetelek","status":"publish","type":"page","link":"https:\/\/famicordcryobank.ch\/hu\/terms-and-conditions","title":{"rendered":"Felhaszn\u00e1l\u00e1si felt\u00e9telek"},"content":{"rendered":"\n<section class=\"hero flex flex-col justify-center bg-center bg-cover bg-no-repeat py-32 lg:py-48 mb-72 xl:mb-120 relative min-h-[20.5rem] xl:min-h-[26rem]\" style=\"background-image: url(https:\/\/famicordcryobank.ch\/wp-content\/uploads\/2025\/05\/default-hero-bg.webp)\">\n\t<div class=\"container items-center\">\n\t\t<h1 class=\"text-center text-blue max-w-[90%] md:max-w-[60%] lg:max-w-[80%] xxl:max-w-1200 mx-auto\">\n\t\t\t\n\t\t\t\n\t\t\t\t\t\t\t<span class=\"font-extralight break-words\">Terms and conditions<\/span>\n\t\t\t\t\t<\/h1>\n\t<\/div>\n\n\t<div class=\"absolute left-[-14rem] bottom-[-10.8rem] md:bottom-[-15.8rem] xl:bottom-[-20.3rem]\">\n\t\t<svg width=\"500\" height=\"500\" viewbox=\"0 0 500 500\" fill=\"none\" xmlns=\"http:\/\/www.w3.org\/2000\/svg\" class=\"size-180 md:size-260 xl:size-340\">\n\t\t\t<mask id=\"mask0_1511_27028\" style=\"mask-type:alpha\" maskunits=\"userSpaceOnUse\" x=\"0\" y=\"0\" width=\"500\" height=\"200\">\n\t\t\t\t<rect width=\"500\" height=\"200\" transform=\"matrix(-1 0 0 1 500 0)\" fill=\"#D9D9D9\"\/>\n\t\t\t<\/mask>\n\t\t\t<g mask=\"url(#mask0_1511_27028)\">\n\t\t\t\t<path d=\"M214.686 463.894C166.261 512.319 87.156 511.726 38.731 463.301C-9.69398 414.876 -10.2866 335.771 38.1384 287.346L287.04 38.4443C335.465 -9.98075 414.57 -9.3881 462.995 39.0369C511.42 87.4619 512.013 166.567 463.588 214.992L214.686 463.894Z\" fill=\"#FE6F20\"\/>\n\t\t\t<\/g>\n\t\t\t<path d=\"M214.404 462.612C166.377 510.639 87.7903 509.946 39.7484 461.905C-8.29344 413.863 -8.98578 335.276 39.0413 287.249L287.943 38.3476C335.97 -9.67956 414.556 -8.98719 462.598 39.0547C510.64 87.0966 511.333 165.683 463.305 213.71L214.404 462.612Z\" stroke=\"#FE6F20\" stroke-width=\"2\"\/>\n\t\t<\/svg>\n\t<\/div>\n\n\t<div class=\"absolute right-[-10rem] bottom-[-7.2rem] md:bottom-[-10.4rem] xl:bottom-[-13.6rem]\">\n\t\t<svg width=\"500\" height=\"500\" viewbox=\"0 0 500 500\" fill=\"none\" xmlns=\"http:\/\/www.w3.org\/2000\/svg\" class=\"size-180 md:size-260 xl:size-340\">\n\t\t\t<mask id=\"mask0_1511_27023\" style=\"mask-type:alpha\" maskunits=\"userSpaceOnUse\" x=\"0\" y=\"0\" width=\"500\" height=\"300\">\n\t\t\t\t<rect width=\"500\" height=\"300\" fill=\"#D9D9D9\"\/>\n\t\t\t<\/mask>\n\t\t\t<g mask=\"url(#mask0_1511_27023)\">\n\t\t\t\t<path d=\"M285.622 36.4146C334.047 -12.0104 413.069 -11.5011 461.494 36.9239C509.919 85.349 510.429 164.371 462.004 212.796L213.102 461.697C164.677 510.122 85.6552 509.613 37.2302 461.188C-11.1948 412.763 -11.7041 333.741 36.7209 285.316L285.622 36.4146Z\" fill=\"#1560DA\"\/>\n\t\t\t<\/g>\n\t\t\t<path d=\"M285.596 37.3883C333.623 -10.6388 412.21 -9.94644 460.252 38.0955C508.293 86.1373 508.986 164.724 460.959 212.751L212.057 461.652C164.03 509.68 85.4436 508.987 37.4017 460.945C-10.6402 412.903 -11.3325 334.317 36.6946 286.29L285.596 37.3883Z\" stroke=\"#1560DA\" stroke-width=\"2\"\/>\n\t\t<\/svg>\n\t<\/div>\n<\/section>\n\n\n<section class=\"section-with-heading-and-text section-margin section-margin--small\">\n  <div class=\"container\">\n    \n                <div class=\"mt-24 xl:mt-40 xl:ml-100 space-y-24  xl:max-w-[78rem]\">\n        <p><strong>Terms and Conditions<\/strong><\/p>\n<p>The owner of the service available at\u00a0<a href=\"https:\/\/client.famicordcryobank.ch\/\">https:\/\/client.famicordcryobank.ch<\/a> is FamiCord Suisse SA with its registered seat at BusinessPark Zug, Sumpfstrasse 26, 6302 Zug, Switzerland, registered under the registration number CHE- 113.983.891 (\u201cService Provider\u201d).<\/p>\n<p><b>1. Scope<\/b><br \/>\nThese Terms and Conditions govern the rights and obligations of the Service Provider and the Customer in relation to use of the Website, ordering and provisioning of the Service.<\/p>\n<p><b>2. Definitions<\/b><br \/>\na) Additional Services \u2013 services provided by the Service Provider other than the Service;<br \/>\nb) Agreement \u2013 agreement concluded between the Customer and the Service Provider for storying the Biological Material. The Agreement is concluded once the order of the Customer is confirmed by the Service Provider via the email address provided by the Customer. The Agreement is generated electronically and is made available via MyFamiCord Panel;<br \/>\nc) Agreement Conclusion Date \u2013 the date on which the Order is confirmed by the Service Provider;<br \/>\nd) Biological Material \u2013 biological material stored by PBKM Sp. z\u00a0o.o.;<br \/>\ne) CryoSave AG \u2013 CryoSave AG with registered office at Chuerstrasse 65B, CH-8808 Pfaffikon, Switzerland;<br \/>\nf) Customer \u2013 an individual (a parent) who had an agreement for storage Biological Material with &#8211; Previous Service Provider and who concluded the Agreement;<br \/>\ng) FamiCord Group \u2013 a\u00a0healthcare entity that renders a\u00a0broadly understood medical, diagnostic, laboratory services related to and with a\u00a0usage of the tissues and cells<br \/>\nh) My FamiCord Panel \u2013 online panel where the Customer may access the Agreement, invoices and the storage certificate;<br \/>\ni) Order Form \u2013 the electronic form which the Customer places to the Service Provider to order the Service. The Order Form is available at\u00a0<a href=\"https:\/\/www.famicordcryobank.ch\/\">https:\/\/www.famicordcryobank.ch<\/a>\u00a0and in the My FamiCord Panel;<br \/>\nj) PBKM \u2013 Polski Bank Kom\u00f3rek Macierzystych Sp. z\u00a0o.o. with registered office at 29 Jana Paw\u0142a II Avenue, 00 \u2013 867 Warsaw, Poland;<br \/>\nk) Previous Service Provider \u2013 any company that has rendered services towards the Customer by collecting, processing, freezing and storing frozen biological material of the Customer prior to FamiCord Group.<br \/>\nl) Price List \u2013 the list of prices for the Service and Additional Services provided by the FamiCord Group;<br \/>\nm) Service \u2013 Biological Material storage by FamiCord Group;<br \/>\nn) Terms and Conditions \u2013 these terms and conditions regulating the use of the Website and Service ordering;<br \/>\no) Website \u2013 the online portal owned by the Service Provider and available at\u00a0<a href=\"https:\/\/client.famicordcryobank.ch\/\">https:\/\/client.famicordcryobank.ch<br \/>\n<\/a>p) Working Day \u2013 any weekday from Monday to Friday that is not a\u00a0public holiday in Switzerland, Poland, Portugal and Hungary.<\/p>\n<p><b>3. Purchasing the Service via Website<\/b><br \/>\n3.1. In order to purchase the Service and the Additional Service, the Customer:<br \/>\na) Files in the Order Form;<br \/>\nb) Accepts the Terms and Conditions, Agreement and other consents;<br \/>\nc) Places the Order Form via the Website.<br \/>\n3.2. By placing the Order Form, the Customer confirms that:<br \/>\na) has stored Biological Material with Previous Service Provider;<br \/>\nb) he\/she is at least 18 years of age;<br \/>\nc) have the legal capacity to sign the Agreement;<br \/>\nd) the data submitted is complete and true;<br \/>\ne) the Service Provider may use electronic means to exchange communication and conclude the Agreement.<\/p>\n<p><b>4. My FamiCord Panel<\/b><br \/>\n4.1. My FamiCord Panel is created with a\u00a0login (e-mail address indicated by the Customer) and password. In order to sign in, the Customer will have to enter an authorization code, received from the Website via e-mail provided in the registration process.<br \/>\n4.2. The Customer must secure the login and the password against unauthorized access. The Customer shall be fully responsible for any consequences of the My FamiCord Panel being accessed by third parties that come into possession of the Customer\u2019s login and password due to Customer\u2019s negligence.<br \/>\n4.3. My FamiCord Panel shall be disactivated after 30 days from the date of the last active Agreement termination.<\/p>\n<p><b>5. Placing the Order and concluding the Agreement<\/b><br \/>\n5.1. Orders are received through the Website &#8211; 24 hours per day, all throughout the year, excluding any service interruptions caused by the Website maintenance or Internet service unavailability.<br \/>\n5.2. The Order shall be accepted by the Service Provider immediately following the Order being placed by the Customer. The content of the Agreement is available to the Customer in the process of placing the Order.<br \/>\n5.3. The Order will not be accepted if:<br \/>\n5.3.1. the Customer provided incorrect or false data when placing the Order;<br \/>\n5.3.2. the Customer cannot be contacted at the e-mail address or the telephone number provided in the Order Form.<br \/>\n5.4. Following the Order acceptance, the Agreement is concluded and the content of the Agreement is made available in My FamiCord Panel.<br \/>\n5.5. The Agreement is conditional upon the Service Provider conforming that the Biological Material is stored with PBKM together with necessary medical documentation.<br \/>\n5.6. The Customer will be informed immediately should the Service Provider confirmed that the Biological Material is not stored with PBKM. Upon receipt of such information by the Customer the Agreement will be cancelled.<\/p>\n<p><b>6. Equipment requirements<\/b><br \/>\nRequirements for the proper operation of the Website include a\u00a0current Internet browser version, supported by the browser vendor, compatible with the HTML 4.0 standard or newer, accepting cookies and supporting JavaScript.<\/p>\n<p><b>7. Customer\u2019s Personal Data<\/b><br \/>\nInformation concerning the processing of personal data can be found in the Privacy Policy available on the Website\u00a0<a href=\"https:\/\/famicordcryobank-ch-joomla.empress.smarthost.pl\/privacy-policy\">https:\/\/famicordcryobank.ch\/privacy-policy<\/a>.<\/p>\n<p><b>8. Additional Services<\/b><br \/>\n8.1. The Customer may choose that the Biological Material is stored by one of the FamiCord Group companies other than PBKM by indicating it in the Order Form. The Price List indicates the costs of the transportation from PBKM to the chosen location. Additional statements and consents might be required should the Biological Material is transported to a\u00a0different location.<br \/>\n8.2. The Customer may choose other Additional Services indicated in the Order Form. Such Additional Services may be subject to additional costs provided for in the Price List and additional consents available in the Order Form.<\/p>\n<p><b>9. Invoices and payments<\/b><br \/>\n9.1. The price for the Service is available in the Price List and will be finally calculated to the Customer before placing the Order and will be confirmed in the My FamiCord Panel. The prices presented constitute gross prices.<br \/>\n9.2. After the Agreement Conclusion Date the payment for the Service shall be payable within 14 days upon receipt of an invoice sent to the Customer (depending in the selected storage plan) in electronic form to the e-mail address provided by the Customer and through the My FamiCord Panel (the Customer shall also receive a\u00a0link to the generated invoice via e-mail). Payments may be made using traditional wire transfer.<\/p>\n<p><b>10. Termination of the Agreement<\/b><br \/>\nThe Customer has the right to terminate the Agreement for no cause within 14 calendar days from the Agreement Conclusion Date. A\u00a0statement on termination shall be sent in writing by registered mail to the Service Provider or via email to\u00a0<a href=\"mailto:info@famicord.eu.%20\">info@famicord.eu.<\/a><\/p>\n<p><b>11. Complaints<\/b><br \/>\nComplaints regarding the Website, My FamiCord Panel and the Agreement shall be transmitted by e-mail at\u00a0<a href=\"mailto:info@famicord.eu\">info@famicord.eu<\/a>\u00a0or in writing by registered mail sent to the address of the Service Provider.<\/p>\n<p><b>12. Final provisions<\/b><br \/>\n12.1. These Terms and Conditions shall enter into force as of 14 October 2019.<br \/>\n12.2. The Service Provider reserves the right to amend these Terms and Conditions at its sole discretion. The amended Terms and Conditions will be published on the Website and available to the Customer in the My FamiCord Panel. Changing the Terms and Conditions shall not impact the rights and obligations of the Customer arising from the Agreement.<br \/>\n12.3. The Swiss laws shall apply to these Terms and Conditions and the Agreement and any other documents related thereto.<br \/>\n12.4. All disputes, claims, or controversies arising out of, or in relation to the Agreement or any other document related thereto, shall be settled in the appropriate Swiss common court with jurisdiction over such disputes, claims, or controversies.<br \/>\n12.5. The English language version of these Terms and Conditions and the Agreement shall prevail in the event of any discrepancies with any other language version thereof.<\/p>\n\n      <\/div>\n      <\/div>\n<\/section>\n","protected":false},"excerpt":{"rendered":"","protected":false},"author":1,"featured_media":0,"parent":0,"menu_order":0,"comment_status":"closed","ping_status":"closed","template":"","meta":{"_acf_changed":false,"inline_featured_image":false,"editor_plus_copied_stylings":"{}","footnotes":""},"class_list":["post-5432","page","type-page","status-publish","hentry"],"yoast_head":"<!-- This site is optimized with the Yoast SEO plugin v27.3 - https:\/\/yoast.com\/product\/yoast-seo-wordpress\/ -->\n<title>Terms and conditions - FamiCord Group<\/title>\n<meta name=\"robots\" content=\"index, follow, max-snippet:-1, max-image-preview:large, max-video-preview:-1\" \/>\n<link rel=\"canonical\" href=\"https:\/\/famicordcryobank.ch\/hu\/altalanos-szerzodesi-feltetelek\/\" \/>\n<meta property=\"og:locale\" content=\"hu_HU\" \/>\n<meta property=\"og:type\" content=\"article\" \/>\n<meta property=\"og:title\" content=\"Terms and conditions - FamiCord Group\" \/>\n<meta property=\"og:url\" content=\"https:\/\/famicordcryobank.ch\/hu\/altalanos-szerzodesi-feltetelek\/\" \/>\n<meta property=\"og:site_name\" content=\"FamiCord Group\" \/>\n<meta property=\"article:modified_time\" content=\"2026-01-20T11:04:25+00:00\" \/>\n<meta name=\"twitter:card\" content=\"summary_large_image\" \/>\n<script type=\"application\/ld+json\" class=\"yoast-schema-graph\">{\"@context\":\"https:\\\/\\\/schema.org\",\"@graph\":[{\"@type\":\"WebPage\",\"@id\":\"https:\\\/\\\/famicordcryobank.ch\\\/terms-and-conditions\",\"url\":\"https:\\\/\\\/famicordcryobank.ch\\\/terms-and-conditions\",\"name\":\"Terms and conditions - FamiCord Group\",\"isPartOf\":{\"@id\":\"https:\\\/\\\/famicordcryobank.ch\\\/#website\"},\"datePublished\":\"2025-11-26T09:45:16+00:00\",\"dateModified\":\"2026-01-20T11:04:25+00:00\",\"breadcrumb\":{\"@id\":\"https:\\\/\\\/famicordcryobank.ch\\\/terms-and-conditions#breadcrumb\"},\"inLanguage\":\"hu\",\"potentialAction\":[{\"@type\":\"ReadAction\",\"target\":[\"https:\\\/\\\/famicordcryobank.ch\\\/terms-and-conditions\"]}]},{\"@type\":\"BreadcrumbList\",\"@id\":\"https:\\\/\\\/famicordcryobank.ch\\\/terms-and-conditions#breadcrumb\",\"itemListElement\":[{\"@type\":\"ListItem\",\"position\":1,\"name\":\"Main page\",\"item\":\"https:\\\/\\\/famicordcryobank.ch\\\/\"},{\"@type\":\"ListItem\",\"position\":2,\"name\":\"Terms and conditions\"}]},{\"@type\":\"WebSite\",\"@id\":\"https:\\\/\\\/famicordcryobank.ch\\\/#website\",\"url\":\"https:\\\/\\\/famicordcryobank.ch\\\/\",\"name\":\"Famicord Group\",\"description\":\"\",\"potentialAction\":[{\"@type\":\"SearchAction\",\"target\":{\"@type\":\"EntryPoint\",\"urlTemplate\":\"https:\\\/\\\/famicordcryobank.ch\\\/?s={search_term_string}\"},\"query-input\":{\"@type\":\"PropertyValueSpecification\",\"valueRequired\":true,\"valueName\":\"search_term_string\"}}],\"inLanguage\":\"hu\"}]}<\/script>\n<!-- \/ Yoast SEO plugin. -->","yoast_head_json":{"title":"Felhaszn\u00e1l\u00e1si felt\u00e9telek - FamiCord Csoport","robots":{"index":"index","follow":"follow","max-snippet":"max-snippet:-1","max-image-preview":"max-image-preview:large","max-video-preview":"max-video-preview:-1"},"canonical":"https:\/\/famicordcryobank.ch\/hu\/altalanos-szerzodesi-feltetelek\/","og_locale":"hu_HU","og_type":"article","og_title":"Terms and conditions - FamiCord Group","og_url":"https:\/\/famicordcryobank.ch\/hu\/altalanos-szerzodesi-feltetelek\/","og_site_name":"FamiCord Group","article_modified_time":"2026-01-20T11:04:25+00:00","twitter_card":"summary_large_image","schema":{"@context":"https:\/\/schema.org","@graph":[{"@type":"WebPage","@id":"https:\/\/famicordcryobank.ch\/terms-and-conditions","url":"https:\/\/famicordcryobank.ch\/terms-and-conditions","name":"Felhaszn\u00e1l\u00e1si felt\u00e9telek - FamiCord Csoport","isPartOf":{"@id":"https:\/\/famicordcryobank.ch\/#website"},"datePublished":"2025-11-26T09:45:16+00:00","dateModified":"2026-01-20T11:04:25+00:00","breadcrumb":{"@id":"https:\/\/famicordcryobank.ch\/terms-and-conditions#breadcrumb"},"inLanguage":"hu","potentialAction":[{"@type":"ReadAction","target":["https:\/\/famicordcryobank.ch\/terms-and-conditions"]}]},{"@type":"BreadcrumbList","@id":"https:\/\/famicordcryobank.ch\/terms-and-conditions#breadcrumb","itemListElement":[{"@type":"ListItem","position":1,"name":"Main page","item":"https:\/\/famicordcryobank.ch\/"},{"@type":"ListItem","position":2,"name":"Terms and conditions"}]},{"@type":"WebSite","@id":"https:\/\/famicordcryobank.ch\/#website","url":"https:\/\/famicordcryobank.ch\/","name":"Famicord Csoport","description":"","potentialAction":[{"@type":"SearchAction","target":{"@type":"EntryPoint","urlTemplate":"https:\/\/famicordcryobank.ch\/?s={search_term_string}"},"query-input":{"@type":"PropertyValueSpecification","valueRequired":true,"valueName":"search_term_string"}}],"inLanguage":"hu"}]}},"acf":[],"_links":{"self":[{"href":"https:\/\/famicordcryobank.ch\/hu\/wp-json\/wp\/v2\/pages\/5432","targetHints":{"allow":["GET"]}}],"collection":[{"href":"https:\/\/famicordcryobank.ch\/hu\/wp-json\/wp\/v2\/pages"}],"about":[{"href":"https:\/\/famicordcryobank.ch\/hu\/wp-json\/wp\/v2\/types\/page"}],"author":[{"embeddable":true,"href":"https:\/\/famicordcryobank.ch\/hu\/wp-json\/wp\/v2\/users\/1"}],"replies":[{"embeddable":true,"href":"https:\/\/famicordcryobank.ch\/hu\/wp-json\/wp\/v2\/comments?post=5432"}],"version-history":[{"count":3,"href":"https:\/\/famicordcryobank.ch\/hu\/wp-json\/wp\/v2\/pages\/5432\/revisions"}],"predecessor-version":[{"id":5482,"href":"https:\/\/famicordcryobank.ch\/hu\/wp-json\/wp\/v2\/pages\/5432\/revisions\/5482"}],"wp:attachment":[{"href":"https:\/\/famicordcryobank.ch\/hu\/wp-json\/wp\/v2\/media?parent=5432"}],"curies":[{"name":"wp","href":"https:\/\/api.w.org\/{rel}","templated":true}]}}